{"id":28,"date":"2017-02-22T15:09:35","date_gmt":"2017-02-22T15:09:35","guid":{"rendered":"http:\/\/kieke.jnalanko.net\/?page_id=28"},"modified":"2025-01-15T00:03:34","modified_gmt":"2025-01-14T21:03:34","slug":"about","status":"publish","type":"page","link":"https:\/\/nanasten.com\/","title":{"rendered":"About Me"},"content":{"rendered":"\n<p> <em>I would like to live in a world where people would give more value to the things they own. Things would not be bought and consumed in need of instant gratification, but to be used and cherished for many years to come.&nbsp;<\/em> <em>As a craftsman and a jewelry designer I want to pay tribute to the traditional skills of craftsmen of the past generations and pass on their legacy<\/em>. <\/p>\n\n\n\n<p>I\u2019m a professional craftsman and a jewelry designer from Finland. Due to my education I have the basic skills in traditional metalwork, textiles, woodwork and tanning. My specialty is working with bone and cowhorn. I have a passion for historical jewelry from Iron Age to Renaissance.<\/p>\n\n\n\n<p>I started my journey in crafts in Myn\u00e4m\u00e4ki Art and Craft College in 2008, where I spent 6 years studying Ancient Craft Techniques and Metal Arts. After this I moved to Lahti to study Jewellery Design. I graduated from LAB University of Applied Sciences with a bachelor&#8217;s degree in Jewelry Design in 2020. The main objective of my <a href=\"https:\/\/www.theseus.fi\/handle\/10024\/336797\"><span class=\"has-inline-color has-luminous-vivid-orange-color\">thesis<\/span><\/a> was to find out how to interpret the aesthetics of Renaissance to small scale serial production of jewelry using 3D modelling and traditional wax methods. <\/p>\n\n\n\n<p>After my Bachelor&#8217;s i deepened my  knowledge in traditional goldsmith&#8217;s techniques in Koulutuskeskus Salpaus in Lahti. After graduating I worked in Kultakeskus Oy for two years as a gold\/silversmith.<\/p>\n\n\n\n<p>My workshop<span class=\"has-inline-color has-luminous-vivid-orange-color\">&nbsp;<\/span><a href=\"http:\/\/shop.nanasten.com\" data-type=\"URL\" data-id=\"shop.nanasten.com\"><span class=\"has-inline-color has-luminous-vivid-orange-color\">Muinaispaja Kiertelev\u00e4 Kettu<\/span><\/a>&nbsp;(Wandering Fox Ancient Crafts) produces jewelry, wooden handicraft equipment and other curiosities inspired by history. <\/p>\n\n\n\n<p> I&#8217;m also into living history and play in the medieval bands\u00a0<a href=\"https:\/\/www.facebook.com\/keskiaikayhtye\/\"><span class=\"has-inline-color has-luminous-vivid-orange-color\">R\u00e4ikk\u00e4<\/span><\/a> and Kirkonrotat. <\/p>\n\n\n\n<p>&#8212;&#8212;&#8212;&#8211;<\/p>\n\n\n\n<p><em>Pid\u00e4n vanhoista esineist\u00e4. Jos maailma olisi sellainen kuin haluaisin, esineill\u00e4 olisi niin paljon arvoa, ett\u00e4 niit\u00e4 korjattaisiin ja vaalittaisiin, jopa vuosikymmeni\u00e4. En haluaisi tuottaa maailmaan enemp\u00e4\u00e4 turhaa kr\u00e4\u00e4s\u00e4\u00e4, vaan valmistaa kauniita, merkityksellisi\u00e4 ja hy\u00f6dyllisi\u00e4 esineit\u00e4. K\u00e4sity\u00f6l\u00e4isen\u00e4 ja muotoilijana haluan kunnioittaa menneiden aikojen mestareita ja v\u00e4litt\u00e4\u00e4 eteenp\u00e4in heid\u00e4n perinto\u00e4\u00e4n.<\/em><\/p>\n\n\n\n<p>Olen koulutukseltani muinaistekniikan ja metallin artesaani sek\u00e4 korumuotoilija-kultasepp\u00e4. Kiinnostukseni historiallisiin pukuihin ja esineisiin on johdattanut minut innostuneesta harrastajasta k\u00e4sity\u00f6n ammattilaiseksi. <\/p>\n\n\n\n<p>Valmistuin korumuotoilijaksi LAB-ammattikorkeakoulusta vuonna 2020. <a href=\"https:\/\/www.theseus.fi\/handle\/10024\/336797\"><span class=\"has-inline-color has-luminous-vivid-orange-color\">Opinn\u00e4ytety\u00f6ss\u00e4ni<\/span><\/a>&nbsp;tutkin renessanssikorujen muotokielt\u00e4 ja sen soveltamista nykymenetelmin valmistettavaan pukukoruun. Kev\u00e4\u00e4ll\u00e4 2020 aloitin kultasep\u00e4nalan opinnot Lahdessa t\u00e4ydent\u00e4\u00e4kseni viel\u00e4 osaamistani korualalla. Vuonna 2022 p\u00e4\u00e4sin tavoitteeseeni, valmistuin ja sain ensimm\u00e4isen vakituisen ty\u00f6paikkani Kultakeskus Oy:lt\u00e4.<\/p>\n\n\n\n<p>Artesaaniopintojeni ansiosta minulla on perustaidot muinaisista k\u00e4sity\u00f6tekniikoista: kivikautisten ty\u00f6kalujen valmistamisesta, tekstiili- ja puut\u00f6ist\u00e4, valamisesta, taonnasta, luu- ja sarvit\u00f6ist\u00e4 sek\u00e4 nahanparkituksesta. Olen erikoistunut lehm\u00e4nsarven ty\u00f6st\u00e4miseen ja muinaiskorujen valmistamiseen. Olen kiinnostunut erityisesti koruhistoriasta rautakaudelta renessanssiin.<\/p>\n\n\n\n<p>Olen toiminut k\u00e4sity\u00f6yritt\u00e4j\u00e4n\u00e4 vuodesta 2014. <a href=\"https:\/\/shop.nanasten.com\/\">Muinaispaja Kiertelev\u00e4 Kettu<\/a> on pieni verstaani, jossa valmistan muinaisia k\u00e4ytt\u00f6esineit\u00e4 sek\u00e4 historiasta ammentavaa pronssi- ja hopeakorumallistoa. Valmistan puusta, luusta ja sarvesta historiallisia k\u00e4sity\u00f6v\u00e4lineit\u00e4, mm. kinnasneuloja, v\u00e4rttin\u00f6it\u00e4, ny\u00f6rihaarukoita ja -kiekkoja sek\u00e4 sarvinappeja ja neulakoteloita.<\/p>\n\n\n\n<p>Harrastan my\u00f6s historianel\u00e4v\u00f6itt\u00e4mist\u00e4 ja soitan keskiaikaista musiikkia <a href=\"https:\/\/www.facebook.com\/keskiaikayhtye\/\"><span class=\"has-inline-color has-luminous-vivid-orange-color\">R\u00e4ikk\u00e4<\/span><\/a>&#8211; ja Kirkonrotat -yhtyeiss\u00e4.<\/p>\n\n\n\n<p><\/p>\n","protected":false},"excerpt":{"rendered":"<p>I would like to live in a world where people would give more value to the things they own. Things would not be bought and consumed in need of instant gratification, but to be used and cherished for many years to come.&nbsp; As a craftsman and a jewelry designer I want to pay tribute to [&hellip;]<\/p>\n","protected":false},"author":2,"featured_media":593,"parent":0,"menu_order":0,"comment_status":"closed","ping_status":"closed","template":"","meta":[],"_links":{"self":[{"href":"https:\/\/nanasten.com\/index.php?rest_route=\/wp\/v2\/pages\/28"}],"collection":[{"href":"https:\/\/nanasten.com\/index.php?rest_route=\/wp\/v2\/pages"}],"about":[{"href":"https:\/\/nanasten.com\/index.php?rest_route=\/wp\/v2\/types\/page"}],"author":[{"embeddable":true,"href":"https:\/\/nanasten.com\/index.php?rest_route=\/wp\/v2\/users\/2"}],"replies":[{"embeddable":true,"href":"https:\/\/nanasten.com\/index.php?rest_route=%2Fwp%2Fv2%2Fcomments&post=28"}],"version-history":[{"count":82,"href":"https:\/\/nanasten.com\/index.php?rest_route=\/wp\/v2\/pages\/28\/revisions"}],"predecessor-version":[{"id":1398,"href":"https:\/\/nanasten.com\/index.php?rest_route=\/wp\/v2\/pages\/28\/revisions\/1398"}],"wp:featuredmedia":[{"embeddable":true,"href":"https:\/\/nanasten.com\/index.php?rest_route=\/wp\/v2\/media\/593"}],"wp:attachment":[{"href":"https:\/\/nanasten.com\/index.php?rest_route=%2Fwp%2Fv2%2Fmedia&parent=28"}],"curies":[{"name":"wp","href":"https:\/\/api.w.org\/{rel}","templated":true}]}}